{"id":13325,"date":"2026-03-23T07:31:00","date_gmt":"2026-03-23T07:31:00","guid":{"rendered":"https:\/\/distinctivebuys.shop\/?post_type=product&#038;p=13325"},"modified":"2026-03-23T07:42:32","modified_gmt":"2026-03-23T07:42:32","slug":"molde-de-waffle-no-pegajoso-maquina-de-desayuno-electrica-bandeja-de-horno-electrica-de-desayuno-domestico-para-bocadillos-de-desayuno-rapido-y-postres","status":"publish","type":"product","link":"https:\/\/distinctivebuys.shop\/es\/producto\/molde-de-waffle-no-pegajoso-maquina-de-desayuno-electrica-bandeja-de-horno-electrica-de-desayuno-domestico-para-bocadillos-de-desayuno-rapido-y-postres\/","title":{"rendered":"Molde de gofre no pegajoso m\u00e1quina de desayuno el\u00e9ctrica bandeja de horno el\u00e9ctrica de desayuno dom\u00e9stico para bocadillos de desayuno r\u00e1pido y postres"},"content":{"rendered":"<div data-elementor-type=\"product-post\" data-elementor-id=\"13325\" class=\"elementor elementor-13325\" data-elementor-post-type=\"product\">\n\t\t\t\t<div class=\"elementor-element elementor-element-576930ca e-flex e-con-boxed e-con e-parent\" data-id=\"576930ca\" data-element_type=\"container\" data-settings=\"{&quot;ekit_has_onepagescroll_dot&quot;:&quot;yes&quot;}\">\n\t\t\t\t\t<div class=\"e-con-inner\">\n\t\t<div class=\"elementor-element elementor-element-1375c040 e-grid e-con-full e-con e-child\" data-id=\"1375c040\" data-element_type=\"container\" data-settings=\"{&quot;ekit_has_onepagescroll_dot&quot;:&quot;yes&quot;}\">\n\t\t\t\t<div class=\"elementor-element elementor-element-2ce08ceb elementor-widget elementor-widget-video\" data-id=\"2ce08ceb\" data-element_type=\"widget\" data-settings=\"{&quot;video_type&quot;:&quot;hosted&quot;,&quot;controls&quot;:&quot;yes&quot;,&quot;ekit_we_effect_on&quot;:&quot;none&quot;}\" data-widget_type=\"video.default\">\n\t\t\t\t<div class=\"elementor-widget-container\">\n\t\t\t\t\t\t\t<div class=\"e-hosted-video elementor-wrapper elementor-open-inline\">\n\t\t\t\t\t<video class=\"elementor-video\" src=\"https:\/\/distinctivebuys.shop\/wp-content\/uploads\/2026\/03\/video_2026-03-23_15-13-30.mp4\" controls=\"\" preload=\"metadata\" controlslist=\"nodownload\"><\/video>\n\t\t\t\t<\/div>\n\t\t\t\t\t\t<\/div>\n\t\t\t\t<\/div>\n\t\t\t\t<div class=\"elementor-element elementor-element-14fe61ad elementor-widget elementor-widget-text-editor\" data-id=\"14fe61ad\" data-element_type=\"widget\" data-settings=\"{&quot;ekit_we_effect_on&quot;:&quot;none&quot;}\" data-widget_type=\"text-editor.default\">\n\t\t\t\t<div class=\"elementor-widget-container\">\n\t\t\t\t\t\t\t\t\t<div class=\"elementor-widget-container\">\n    # Detalles del producto\n\n    <div class=\"product-table\">\n        <div class=\"product-row\">\n            <div class=\"product-label\">Reportaje especial<\/div>\n            <div class=\"product-value\">Manual<\/div>\n        <\/div>\n        <div class=\"product-row\">\n            <div class=\"product-label\">Color<\/div>\n            <div class=\"product-value\">Seg\u00fan imagen<\/div>\n        <\/div>\n        <div class=\"product-row\">\n            <div class=\"product-label\">Material<\/div>\n            <div class=\"product-value\">Acero inoxidable<\/div>\n        <\/div>\n        <div class=\"product-row\">\n            <div class=\"product-label\">Componentes incluidos<\/div>\n            <div class=\"product-value\">1X Gofrera<\/div>\n        <\/div>\n        <div class=\"product-row\">\n            <div class=\"product-label\">Estilo<\/div>\n            <div class=\"product-value\">Moderno<\/div>\n        <\/div>\n    <\/div>\n\n    <style>\n    .product-table {\n      width: 100%;\n      border-top: 1px solid #000;\n      font-family: Arial, sans-serif;\n    }\n\n    .product-row {\n      display: flex;\n      border-bottom: 1px solid #000;\n      padding: 12px 0;\n    }\n\n    .product-label {\n      flex: 1;\n      font-weight: bold;\n      min-width: 200px;\n      padding-right: 20px;\n    }\n\n    .product-value {\n      flex: 1;\n      min-width: 200px;\n    }\n    <\/style>\n<\/div>\t\t\t\t\t\t\t\t<\/div>\n\t\t\t\t<\/div>\n\t\t\t\t<\/div>\n\t\t<div class=\"elementor-element elementor-element-205519e0 e-con-full e-flex e-con e-child\" data-id=\"205519e0\" data-element_type=\"container\" data-settings=\"{&quot;ekit_has_onepagescroll_dot&quot;:&quot;yes&quot;}\">\n\t\t\t\t<div class=\"elementor-element elementor-element-16d49ac9 elementor--h-position-center elementor--v-position-middle elementor-arrows-position-inside elementor-pagination-position-inside elementor-widget elementor-widget-slides\" data-id=\"16d49ac9\" data-element_type=\"widget\" data-settings=\"{&quot;navigation&quot;:&quot;both&quot;,&quot;autoplay&quot;:&quot;yes&quot;,&quot;pause_on_hover&quot;:&quot;yes&quot;,&quot;pause_on_interaction&quot;:&quot;yes&quot;,&quot;autoplay_speed&quot;:5000,&quot;infinite&quot;:&quot;yes&quot;,&quot;transition&quot;:&quot;slide&quot;,&quot;transition_speed&quot;:500,&quot;ekit_we_effect_on&quot;:&quot;none&quot;}\" data-widget_type=\"slides.default\">\n\t\t\t\t<div class=\"elementor-widget-container\">\n\t\t\t\t\t\t\t\t\t<div class=\"elementor-swiper\">\r\n\t\t\t\t\t<div class=\"elementor-slides-wrapper elementor-main-swiper swiper\" role=\"region\" aria-roledescription=\"carousel\" aria-label=\"Diapositivas\" dir=\"ltr\" data-animation=\"fadeInUp\">\r\n\t\t\t\t<div class=\"swiper-wrapper elementor-slides\">\r\n\t\t\t\t\t\t\t\t\t\t<div class=\"elementor-repeater-item-ca3280f swiper-slide\" role=\"group\" aria-roledescription=\"slide\"><div class=\"swiper-slide-bg\" role=\"img\" aria-label=\"870d5c91-ea68-4596-9f4f-0b439eb8b73d.__CR00970600_PT0_SX970_V1___-1.jpg\"><\/div><div class=\"swiper-slide-inner\" ><div class=\"swiper-slide-contents\"><\/div><\/div><\/div><div class=\"elementor-repeater-item-a33b69b swiper-slide\" role=\"group\" aria-roledescription=\"slide\"><div class=\"swiper-slide-bg\" role=\"img\" aria-label=\"d8698f58-a8d1-4455-8f17-ad6246c06a8d.__CR00970600_PT0_SX970_V1___-1.jpg\"><\/div><div class=\"swiper-slide-inner\" ><div class=\"swiper-slide-contents\"><\/div><\/div><\/div><div class=\"elementor-repeater-item-82e0a1d swiper-slide\" role=\"group\" aria-roledescription=\"slide\"><div class=\"swiper-slide-bg\" role=\"img\" aria-label=\"8bc5aa33-0fc4-4f31-8d3f-61023fce8d4c.__CR00970600_PT0_SX970_V1___.jpg\"><\/div><div class=\"swiper-slide-inner\" ><div class=\"swiper-slide-contents\"><\/div><\/div><\/div>\t\t\t\t<\/div>\r\n\t\t\t\t\t\t\t\t\t\t\t\t\t\t\t<div class=\"elementor-swiper-button elementor-swiper-button-prev\" role=\"button\" tabindex=\"0\" aria-label=\"Diapositiva anterior\">\r\n\t\t\t\t\t\t\t<svg aria-hidden=\"true\" class=\"e-font-icon-svg e-eicon-chevron-left\" viewbox=\"0 0 1000 1000\" xmlns=\"http:\/\/www.w3.org\/2000\/svg\"><path d=\"M646 125C629 125 613 133 604 142L308 442C296 454 292 471 292 487 292 504 296 521 308 533L604 854C617 867 629 875 646 875 663 875 679 871 692 858 704 846 713 829 713 812 713 796 708 779 692 767L438 487 692 225C700 217 708 204 708 187 708 171 704 154 692 142 675 129 663 125 646 125Z\"><\/path><\/svg>\t\t\t\t\t\t<\/div>\r\n\t\t\t\t\t\t<div class=\"elementor-swiper-button elementor-swiper-button-next\" role=\"button\" tabindex=\"0\" aria-label=\"Siguiente diapositiva\">\r\n\t\t\t\t\t\t\t<svg aria-hidden=\"true\" class=\"e-font-icon-svg e-eicon-chevron-right\" viewbox=\"0 0 1000 1000\" xmlns=\"http:\/\/www.w3.org\/2000\/svg\"><path d=\"M696 533C708 521 713 504 713 487 713 471 708 454 696 446L400 146C388 133 375 125 354 125 338 125 325 129 313 142 300 154 292 171 292 187 292 204 296 221 308 233L563 492 304 771C292 783 288 800 288 817 288 833 296 850 308 863 321 871 338 875 354 875 371 875 388 867 400 854L696 533Z\"><\/path><\/svg>\t\t\t\t\t\t<\/div>\r\n\t\t\t\t\t\t\t\t\t\t\t\t\t\t\t\t<div class=\"swiper-pagination\"><\/div>\r\n\t\t\t\t\t\t\t\t\t\t\t\t<\/div>\r\n\t\t\t\t<\/div>\r\n\t\t\t\t\t\t\t\t<\/div>\n\t\t\t\t<\/div>\n\t\t\t\t<\/div>\n\t\t<div class=\"elementor-element elementor-element-50e96e11 e-con-full e-flex e-con e-child\" data-id=\"50e96e11\" data-element_type=\"container\" data-settings=\"{&quot;ekit_has_onepagescroll_dot&quot;:&quot;yes&quot;}\">\n\t\t\t\t<div class=\"elementor-element elementor-element-6991d775 elementor-widget elementor-widget-image\" data-id=\"6991d775\" data-element_type=\"widget\" data-settings=\"{&quot;ekit_we_effect_on&quot;:&quot;none&quot;}\" data-widget_type=\"image.default\">\n\t\t\t\t<div class=\"elementor-widget-container\">\n\t\t\t\t\t\t\t\t\t\t\t\t\t\t\t<img loading=\"lazy\" decoding=\"async\" width=\"970\" height=\"300\" src=\"https:\/\/distinctivebuys.shop\/wp-content\/uploads\/2026\/03\/aa299309-d48a-4bf6-a508-b942ac8f9344.__CR00970300_PT0_SX970_V1___.jpg\" class=\"attachment-large size-large wp-image-13341 wvs-archive-product-image\" alt=\"\" srcset=\"https:\/\/distinctivebuys.shop\/wp-content\/uploads\/2026\/03\/aa299309-d48a-4bf6-a508-b942ac8f9344.__CR00970300_PT0_SX970_V1___.jpg 970w, https:\/\/distinctivebuys.shop\/wp-content\/uploads\/2026\/03\/aa299309-d48a-4bf6-a508-b942ac8f9344.__CR00970300_PT0_SX970_V1___-300x93.jpg 300w, https:\/\/distinctivebuys.shop\/wp-content\/uploads\/2026\/03\/aa299309-d48a-4bf6-a508-b942ac8f9344.__CR00970300_PT0_SX970_V1___-768x238.jpg 768w, https:\/\/distinctivebuys.shop\/wp-content\/uploads\/2026\/03\/aa299309-d48a-4bf6-a508-b942ac8f9344.__CR00970300_PT0_SX970_V1___-18x6.jpg 18w, https:\/\/distinctivebuys.shop\/wp-content\/uploads\/2026\/03\/aa299309-d48a-4bf6-a508-b942ac8f9344.__CR00970300_PT0_SX970_V1___-600x186.jpg 600w, https:\/\/distinctivebuys.shop\/wp-content\/uploads\/2026\/03\/aa299309-d48a-4bf6-a508-b942ac8f9344.__CR00970300_PT0_SX970_V1___-1x1.jpg 1w, https:\/\/distinctivebuys.shop\/wp-content\/uploads\/2026\/03\/aa299309-d48a-4bf6-a508-b942ac8f9344.__CR00970300_PT0_SX970_V1___-10x3.jpg 10w\" sizes=\"auto, (max-width: 970px) 100vw, 970px\" \/>\t\t\t\t\t\t\t\t\t\t\t\t\t\t\t<\/div>\n\t\t\t\t<\/div>\n\t\t\t\t<div class=\"elementor-element elementor-element-32984307 elementor-widget elementor-widget-image\" data-id=\"32984307\" data-element_type=\"widget\" data-settings=\"{&quot;ekit_we_effect_on&quot;:&quot;none&quot;}\" data-widget_type=\"image.default\">\n\t\t\t\t<div class=\"elementor-widget-container\">\n\t\t\t\t\t\t\t\t\t\t\t\t\t\t\t<img loading=\"lazy\" decoding=\"async\" width=\"970\" height=\"600\" src=\"https:\/\/distinctivebuys.shop\/wp-content\/uploads\/2026\/03\/8bc5aa33-0fc4-4f31-8d3f-61023fce8d4c.__CR00970600_PT0_SX970_V1___-1.jpg\" class=\"attachment-large size-large wp-image-13342 wvs-archive-product-image\" alt=\"\" srcset=\"https:\/\/distinctivebuys.shop\/wp-content\/uploads\/2026\/03\/8bc5aa33-0fc4-4f31-8d3f-61023fce8d4c.__CR00970600_PT0_SX970_V1___-1.jpg 970w, https:\/\/distinctivebuys.shop\/wp-content\/uploads\/2026\/03\/8bc5aa33-0fc4-4f31-8d3f-61023fce8d4c.__CR00970600_PT0_SX970_V1___-1-300x186.jpg 300w, https:\/\/distinctivebuys.shop\/wp-content\/uploads\/2026\/03\/8bc5aa33-0fc4-4f31-8d3f-61023fce8d4c.__CR00970600_PT0_SX970_V1___-1-768x475.jpg 768w, https:\/\/distinctivebuys.shop\/wp-content\/uploads\/2026\/03\/8bc5aa33-0fc4-4f31-8d3f-61023fce8d4c.__CR00970600_PT0_SX970_V1___-1-18x12.jpg 18w, https:\/\/distinctivebuys.shop\/wp-content\/uploads\/2026\/03\/8bc5aa33-0fc4-4f31-8d3f-61023fce8d4c.__CR00970600_PT0_SX970_V1___-1-600x371.jpg 600w, https:\/\/distinctivebuys.shop\/wp-content\/uploads\/2026\/03\/8bc5aa33-0fc4-4f31-8d3f-61023fce8d4c.__CR00970600_PT0_SX970_V1___-1-1x1.jpg 1w, https:\/\/distinctivebuys.shop\/wp-content\/uploads\/2026\/03\/8bc5aa33-0fc4-4f31-8d3f-61023fce8d4c.__CR00970600_PT0_SX970_V1___-1-10x6.jpg 10w\" sizes=\"auto, (max-width: 970px) 100vw, 970px\" \/>\t\t\t\t\t\t\t\t\t\t\t\t\t\t\t<\/div>\n\t\t\t\t<\/div>\n\t\t\t\t<\/div>\n\t\t<div class=\"elementor-element elementor-element-eeecd6b e-con-full e-flex e-con e-child\" data-id=\"eeecd6b\" data-element_type=\"container\" data-settings=\"{&quot;ekit_has_onepagescroll_dot&quot;:&quot;yes&quot;}\">\n\t\t\t\t<div class=\"elementor-element elementor-element-55ca0271 elementor-position-left elementor-vertical-align-middle elementor-widget elementor-widget-image-box\" data-id=\"55ca0271\" data-element_type=\"widget\" data-settings=\"{&quot;ekit_we_effect_on&quot;:&quot;none&quot;}\" data-widget_type=\"image-box.default\">\n\t\t\t\t<div class=\"elementor-widget-container\">\n\t\t\t\t\t<div class=\"elementor-image-box-wrapper\"><figure class=\"elementor-image-box-img\"><img loading=\"lazy\" decoding=\"async\" width=\"500\" height=\"500\" src=\"https:\/\/distinctivebuys.shop\/wp-content\/uploads\/2026\/03\/51yX9xfS-7L._AC_.jpg\" class=\"attachment-full size-full wp-image-13343 wvs-archive-product-image\" alt=\"\" srcset=\"https:\/\/distinctivebuys.shop\/wp-content\/uploads\/2026\/03\/51yX9xfS-7L._AC_.jpg 500w, https:\/\/distinctivebuys.shop\/wp-content\/uploads\/2026\/03\/51yX9xfS-7L._AC_-300x300.jpg 300w, https:\/\/distinctivebuys.shop\/wp-content\/uploads\/2026\/03\/51yX9xfS-7L._AC_-150x150.jpg 150w, https:\/\/distinctivebuys.shop\/wp-content\/uploads\/2026\/03\/51yX9xfS-7L._AC_-12x12.jpg 12w, https:\/\/distinctivebuys.shop\/wp-content\/uploads\/2026\/03\/51yX9xfS-7L._AC_-100x100.jpg 100w, https:\/\/distinctivebuys.shop\/wp-content\/uploads\/2026\/03\/51yX9xfS-7L._AC_-50x50.jpg 50w, https:\/\/distinctivebuys.shop\/wp-content\/uploads\/2026\/03\/51yX9xfS-7L._AC_-1x1.jpg 1w, https:\/\/distinctivebuys.shop\/wp-content\/uploads\/2026\/03\/51yX9xfS-7L._AC_-10x10.jpg 10w\" sizes=\"auto, (max-width: 500px) 100vw, 500px\" \/><\/figure><div class=\"elementor-image-box-content\"><h3 class=\"elementor-image-box-title\">Dise\u00f1o antiadherente de alta calidad <\/h3><p class=\"elementor-image-box-description\">Su superficie con revestimiento especial permite cocinar sin que los alimentos se peguen, facilitando al m\u00e1ximo la limpieza y reduciendo el uso de aceite para una alimentaci\u00f3n m\u00e1s ligera y saludable.<\/p><\/div><\/div>\t\t\t\t<\/div>\n\t\t\t\t<\/div>\n\t\t\t\t<div class=\"elementor-element elementor-element-1f7dcc24 elementor-position-right elementor-vertical-align-middle elementor-widget elementor-widget-image-box\" data-id=\"1f7dcc24\" data-element_type=\"widget\" data-settings=\"{&quot;ekit_we_effect_on&quot;:&quot;none&quot;}\" data-widget_type=\"image-box.default\">\n\t\t\t\t<div class=\"elementor-widget-container\">\n\t\t\t\t\t<div class=\"elementor-image-box-wrapper\"><figure class=\"elementor-image-box-img\"><img loading=\"lazy\" decoding=\"async\" width=\"1500\" height=\"1500\" src=\"https:\/\/distinctivebuys.shop\/wp-content\/uploads\/2026\/03\/81fq-RyJd0L._AC_SL1500_.jpg\" class=\"attachment-full size-full wp-image-13344 wvs-archive-product-image\" alt=\"\" srcset=\"https:\/\/distinctivebuys.shop\/wp-content\/uploads\/2026\/03\/81fq-RyJd0L._AC_SL1500_.jpg 1500w, https:\/\/distinctivebuys.shop\/wp-content\/uploads\/2026\/03\/81fq-RyJd0L._AC_SL1500_-300x300.jpg 300w, https:\/\/distinctivebuys.shop\/wp-content\/uploads\/2026\/03\/81fq-RyJd0L._AC_SL1500_-1024x1024.jpg 1024w, https:\/\/distinctivebuys.shop\/wp-content\/uploads\/2026\/03\/81fq-RyJd0L._AC_SL1500_-150x150.jpg 150w, https:\/\/distinctivebuys.shop\/wp-content\/uploads\/2026\/03\/81fq-RyJd0L._AC_SL1500_-768x768.jpg 768w, https:\/\/distinctivebuys.shop\/wp-content\/uploads\/2026\/03\/81fq-RyJd0L._AC_SL1500_-12x12.jpg 12w, https:\/\/distinctivebuys.shop\/wp-content\/uploads\/2026\/03\/81fq-RyJd0L._AC_SL1500_-600x600.jpg 600w, https:\/\/distinctivebuys.shop\/wp-content\/uploads\/2026\/03\/81fq-RyJd0L._AC_SL1500_-100x100.jpg 100w, https:\/\/distinctivebuys.shop\/wp-content\/uploads\/2026\/03\/81fq-RyJd0L._AC_SL1500_-50x50.jpg 50w, https:\/\/distinctivebuys.shop\/wp-content\/uploads\/2026\/03\/81fq-RyJd0L._AC_SL1500_-1x1.jpg 1w, https:\/\/distinctivebuys.shop\/wp-content\/uploads\/2026\/03\/81fq-RyJd0L._AC_SL1500_-10x10.jpg 10w\" sizes=\"auto, (max-width: 1500px) 100vw, 1500px\" \/><\/figure><div class=\"elementor-image-box-content\"><h3 class=\"elementor-image-box-title\">Versatilidad sin l\u00edmites<\/h3><p class=\"elementor-image-box-description\">No es solo para desayunos. Con esta parrilla el\u00e9ctrica puedes preparar desde huevos, tortitas y bacon hasta aperitivos, porciones individuales de pizza, mini hamburguesas, deliciosos postres como brownies o pastelitos, e incluso verduras a la plancha.<\/p><\/div><\/div>\t\t\t\t<\/div>\n\t\t\t\t<\/div>\n\t\t\t\t<div class=\"elementor-element elementor-element-3045a33a elementor-position-left elementor-vertical-align-middle elementor-widget elementor-widget-image-box\" data-id=\"3045a33a\" data-element_type=\"widget\" data-settings=\"{&quot;ekit_we_effect_on&quot;:&quot;none&quot;}\" data-widget_type=\"image-box.default\">\n\t\t\t\t<div class=\"elementor-widget-container\">\n\t\t\t\t\t<div class=\"elementor-image-box-wrapper\"><figure class=\"elementor-image-box-img\"><img loading=\"lazy\" decoding=\"async\" width=\"1500\" height=\"1500\" src=\"https:\/\/distinctivebuys.shop\/wp-content\/uploads\/2026\/03\/71mRt51IXoL._AC_SL1500_-1.jpg\" class=\"attachment-full size-full wp-image-13345 wvs-archive-product-image\" alt=\"\" srcset=\"https:\/\/distinctivebuys.shop\/wp-content\/uploads\/2026\/03\/71mRt51IXoL._AC_SL1500_-1.jpg 1500w, https:\/\/distinctivebuys.shop\/wp-content\/uploads\/2026\/03\/71mRt51IXoL._AC_SL1500_-1-300x300.jpg 300w, https:\/\/distinctivebuys.shop\/wp-content\/uploads\/2026\/03\/71mRt51IXoL._AC_SL1500_-1-1024x1024.jpg 1024w, https:\/\/distinctivebuys.shop\/wp-content\/uploads\/2026\/03\/71mRt51IXoL._AC_SL1500_-1-150x150.jpg 150w, https:\/\/distinctivebuys.shop\/wp-content\/uploads\/2026\/03\/71mRt51IXoL._AC_SL1500_-1-768x768.jpg 768w, https:\/\/distinctivebuys.shop\/wp-content\/uploads\/2026\/03\/71mRt51IXoL._AC_SL1500_-1-12x12.jpg 12w, https:\/\/distinctivebuys.shop\/wp-content\/uploads\/2026\/03\/71mRt51IXoL._AC_SL1500_-1-600x600.jpg 600w, https:\/\/distinctivebuys.shop\/wp-content\/uploads\/2026\/03\/71mRt51IXoL._AC_SL1500_-1-100x100.jpg 100w, https:\/\/distinctivebuys.shop\/wp-content\/uploads\/2026\/03\/71mRt51IXoL._AC_SL1500_-1-50x50.jpg 50w, https:\/\/distinctivebuys.shop\/wp-content\/uploads\/2026\/03\/71mRt51IXoL._AC_SL1500_-1-1x1.jpg 1w, https:\/\/distinctivebuys.shop\/wp-content\/uploads\/2026\/03\/71mRt51IXoL._AC_SL1500_-1-10x10.jpg 10w\" sizes=\"auto, (max-width: 1500px) 100vw, 1500px\" \/><\/figure><div class=\"elementor-image-box-content\"><h3 class=\"elementor-image-box-title\">Cocina r\u00e1pida y eficiente<\/h3><p class=\"elementor-image-box-description\">Su potente sistema de calentamiento alcanza la temperatura ideal en poco tiempo, permiti\u00e9ndote disfrutar de comidas caseras en cuesti\u00f3n de minutos. Perfecta para las ma\u00f1anas con prisas o para preparar tentempi\u00e9s sin complicaciones.<\/p><\/div><\/div>\t\t\t\t<\/div>\n\t\t\t\t<\/div>\n\t\t\t\t<\/div>\n\t\t\t\t\t<\/div>\n\t\t\t\t<\/div>\n\t\t\t\t<\/div>","protected":false},"excerpt":{"rendered":"<p class=\"ds-markdown-paragraph\"><strong>Informaci\u00f3n sobre este art\u00edculo<\/strong><\/p>\n<p class=\"ds-markdown-paragraph\"><strong>Amor en cada bocado<\/strong>\u00a0- Con esta gofrera mini en forma de coraz\u00f3n podr\u00e1s preparar deliciosos gofres llenos de encanto. Perfecta para darle un toque de amor a las comidas caseras. Tambi\u00e9n es ideal como regalo para tus seres queridos.<\/p>","protected":false},"featured_media":13328,"comment_status":"open","ping_status":"closed","template":"","meta":{"_acf_changed":false},"etheme_brands":[],"product_brand":[],"product_cat":[118],"product_tag":[],"class_list":{"0":"post-13325","1":"product","2":"type-product","3":"status-publish","4":"has-post-thumbnail","6":"product_cat-sale-shop","8":"first","9":"instock","10":"sale","11":"shipping-taxable","12":"purchasable","13":"product-type-variable","14":"has-default-attributes","15":"wvs-archive-product-wrapper"},"acf":[],"_links":{"self":[{"href":"https:\/\/distinctivebuys.shop\/es\/wp-json\/wp\/v2\/product\/13325","targetHints":{"allow":["GET"]}}],"collection":[{"href":"https:\/\/distinctivebuys.shop\/es\/wp-json\/wp\/v2\/product"}],"about":[{"href":"https:\/\/distinctivebuys.shop\/es\/wp-json\/wp\/v2\/types\/product"}],"replies":[{"embeddable":true,"href":"https:\/\/distinctivebuys.shop\/es\/wp-json\/wp\/v2\/comments?post=13325"}],"version-history":[{"count":4,"href":"https:\/\/distinctivebuys.shop\/es\/wp-json\/wp\/v2\/product\/13325\/revisions"}],"predecessor-version":[{"id":13353,"href":"https:\/\/distinctivebuys.shop\/es\/wp-json\/wp\/v2\/product\/13325\/revisions\/13353"}],"wp:featuredmedia":[{"embeddable":true,"href":"https:\/\/distinctivebuys.shop\/es\/wp-json\/wp\/v2\/media\/13328"}],"wp:attachment":[{"href":"https:\/\/distinctivebuys.shop\/es\/wp-json\/wp\/v2\/media?parent=13325"}],"wp:term":[{"taxonomy":"brand","embeddable":true,"href":"https:\/\/distinctivebuys.shop\/es\/wp-json\/wp\/v2\/etheme_brands?post=13325"},{"taxonomy":"product_brand","embeddable":true,"href":"https:\/\/distinctivebuys.shop\/es\/wp-json\/wp\/v2\/product_brand?post=13325"},{"taxonomy":"product_cat","embeddable":true,"href":"https:\/\/distinctivebuys.shop\/es\/wp-json\/wp\/v2\/product_cat?post=13325"},{"taxonomy":"product_tag","embeddable":true,"href":"https:\/\/distinctivebuys.shop\/es\/wp-json\/wp\/v2\/product_tag?post=13325"}],"curies":[{"name":"wp","href":"https:\/\/api.w.org\/{rel}","templated":true}]}}