{"id":13451,"date":"2026-04-10T01:49:41","date_gmt":"2026-04-10T01:49:41","guid":{"rendered":"https:\/\/distinctivebuys.shop\/?post_type=product&#038;p=13451"},"modified":"2026-04-10T01:56:26","modified_gmt":"2026-04-10T01:56:26","slug":"flor-de-esgueva-queso-viejo-de-oveja-mini-madurado-en-corteza-natural-1-kg-aprox-delicioso-y-autentico-para-amantes-del-sabor","status":"publish","type":"product","link":"https:\/\/distinctivebuys.shop\/es\/producto\/flor-de-esgueva-queso-viejo-de-oveja-mini-madurado-en-corteza-natural-1-kg-aprox-delicioso-y-autentico-para-amantes-del-sabor\/","title":{"rendered":"Flor de Esgueva Queso Viejo de Oveja Mini Madurado en Corteza Natural 1 Kg Aprox Delicioso y Aut\u00e9ntico para Amantes del Sabor"},"content":{"rendered":"<div data-elementor-type=\"product-post\" data-elementor-id=\"13451\" class=\"elementor elementor-13451\" data-elementor-post-type=\"product\">\n\t\t\t\t<div class=\"elementor-element elementor-element-170321e5 e-flex e-con-boxed e-con e-parent\" data-id=\"170321e5\" data-element_type=\"container\" data-settings=\"{&quot;ekit_has_onepagescroll_dot&quot;:&quot;yes&quot;}\">\n\t\t\t\t\t<div class=\"e-con-inner\">\n\t\t<div class=\"elementor-element elementor-element-6877a6b2 e-grid e-con-full e-con e-child\" data-id=\"6877a6b2\" data-element_type=\"container\" data-settings=\"{&quot;ekit_has_onepagescroll_dot&quot;:&quot;yes&quot;}\">\n\t\t\t\t<div class=\"elementor-element elementor-element-11133b9d elementor-widget elementor-widget-video\" data-id=\"11133b9d\" data-element_type=\"widget\" data-settings=\"{&quot;video_type&quot;:&quot;hosted&quot;,&quot;controls&quot;:&quot;yes&quot;,&quot;ekit_we_effect_on&quot;:&quot;none&quot;}\" data-widget_type=\"video.default\">\n\t\t\t\t<div class=\"elementor-widget-container\">\n\t\t\t\t\t\t\t<div class=\"e-hosted-video elementor-wrapper elementor-open-inline\">\n\t\t\t\t\t<video class=\"elementor-video\" src=\"https:\/\/distinctivebuys.shop\/wp-content\/uploads\/2026\/04\/video-mariadajes.mp4\" controls=\"\" preload=\"metadata\" controlslist=\"nodownload\"><\/video>\n\t\t\t\t<\/div>\n\t\t\t\t\t\t<\/div>\n\t\t\t\t<\/div>\n\t\t\t\t<div class=\"elementor-element elementor-element-44799ad0 elementor-widget elementor-widget-text-editor\" data-id=\"44799ad0\" data-element_type=\"widget\" data-settings=\"{&quot;ekit_we_effect_on&quot;:&quot;none&quot;}\" data-widget_type=\"text-editor.default\">\n\t\t\t\t<div class=\"elementor-widget-container\">\n\t\t\t\t\t\t\t\t\t<div class=\"elementor-widget-container\">\n\t\t\t\t\t\t\t\t\t# Detalles del producto\n\n<div class=\"product-table\">\n  <div class=\"product-row\">\n    <div class=\"product-label\">Variedad<\/div>\n    <div class=\"product-value\">Madurado, Queso De Oveja<\/div>\n  <\/div>\n  <div class=\"product-row\">\n    <div class=\"product-label\">Tipo Envase<\/div>\n    <div class=\"product-value\">Set<\/div>\n  <\/div>\n  <div class=\"product-row\">\n    <div class=\"product-label\">Forma Art\u00edculo<\/div>\n    <div class=\"product-value\">Barrita<\/div>\n  <\/div>\n  <div class=\"product-row\">\n    <div class=\"product-label\">Sabor<\/div>\n    <div class=\"product-value\">Queso de oveja<\/div>\n  <\/div>\n  <div class=\"product-row\">\n    <div class=\"product-label\">Tipo de cocina internacional<\/div>\n    <div class=\"product-value\">Cocina Espa\u00f1ola<\/div>\n  <\/div>\n  <div class=\"product-row\">\n    <div class=\"product-label\">Descripci\u00f3n del rango de edad<\/div>\n    <div class=\"product-value\">Adultos<\/div>\n  <\/div>\n  <div class=\"product-row\">\n    <div class=\"product-label\">M\u00e9todo de producci\u00f3n animal<\/div>\n    <div class=\"product-value\">Criado en pasto<\/div>\n  <\/div>\n<\/div>\n\n<style>\n.product-table {\n  width: 100%;\n  border-top: 1px solid #000;\n  font-family: Arial, sans-serif;\n}\n\n.product-row {\n  display: flex;\n  border-bottom: 1px solid #000;\n  padding: 12px 0;\n}\n\n.product-label {\n  flex: 1;\n  font-weight: bold;\n  min-width: 200px;\n  padding-right: 20px;\n}\n\n.product-value {\n  flex: 1;\n  min-width: 200px;\n}\n<\/style>\n<\/div>\t\t\t\t\t\t\t\t<\/div>\n\t\t\t\t<\/div>\n\t\t\t\t<\/div>\n\t\t\t\t\t<\/div>\n\t\t\t\t<\/div>\n\t\t<div class=\"elementor-element elementor-element-48d74575 e-flex e-con-boxed e-con e-parent\" data-id=\"48d74575\" data-element_type=\"container\" data-settings=\"{&quot;ekit_has_onepagescroll_dot&quot;:&quot;yes&quot;}\">\n\t\t\t\t\t<div class=\"e-con-inner\">\n\t\t<div class=\"elementor-element elementor-element-517da392 e-grid e-con-full e-con e-child\" data-id=\"517da392\" data-element_type=\"container\" data-settings=\"{&quot;ekit_has_onepagescroll_dot&quot;:&quot;yes&quot;}\">\n\t\t\t\t<div class=\"elementor-element elementor-element-2536ea53 elementor-position-top elementor-widget elementor-widget-image-box\" data-id=\"2536ea53\" data-element_type=\"widget\" data-settings=\"{&quot;ekit_we_effect_on&quot;:&quot;none&quot;}\" data-widget_type=\"image-box.default\">\n\t\t\t\t<div class=\"elementor-widget-container\">\n\t\t\t\t\t<div class=\"elementor-image-box-wrapper\"><figure class=\"elementor-image-box-img\"><img loading=\"lazy\" decoding=\"async\" width=\"300\" height=\"300\" src=\"https:\/\/distinctivebuys.shop\/wp-content\/uploads\/2026\/04\/12ddb466-3dd9-4c79-80c3-53a5c11d5a00.__CR00300300_PT0_SX300_V1___.png\" class=\"attachment-full size-full wp-image-13462 wvs-archive-product-image\" alt=\"\" srcset=\"https:\/\/distinctivebuys.shop\/wp-content\/uploads\/2026\/04\/12ddb466-3dd9-4c79-80c3-53a5c11d5a00.__CR00300300_PT0_SX300_V1___.png 300w, https:\/\/distinctivebuys.shop\/wp-content\/uploads\/2026\/04\/12ddb466-3dd9-4c79-80c3-53a5c11d5a00.__CR00300300_PT0_SX300_V1___-150x150.png 150w, https:\/\/distinctivebuys.shop\/wp-content\/uploads\/2026\/04\/12ddb466-3dd9-4c79-80c3-53a5c11d5a00.__CR00300300_PT0_SX300_V1___-12x12.png 12w, https:\/\/distinctivebuys.shop\/wp-content\/uploads\/2026\/04\/12ddb466-3dd9-4c79-80c3-53a5c11d5a00.__CR00300300_PT0_SX300_V1___-100x100.png 100w, https:\/\/distinctivebuys.shop\/wp-content\/uploads\/2026\/04\/12ddb466-3dd9-4c79-80c3-53a5c11d5a00.__CR00300300_PT0_SX300_V1___-50x50.png 50w, https:\/\/distinctivebuys.shop\/wp-content\/uploads\/2026\/04\/12ddb466-3dd9-4c79-80c3-53a5c11d5a00.__CR00300300_PT0_SX300_V1___-1x1.png 1w, https:\/\/distinctivebuys.shop\/wp-content\/uploads\/2026\/04\/12ddb466-3dd9-4c79-80c3-53a5c11d5a00.__CR00300300_PT0_SX300_V1___-10x10.png 10w\" sizes=\"auto, (max-width: 300px) 100vw, 300px\" \/><\/figure><div class=\"elementor-image-box-content\"><h3 class=\"elementor-image-box-title\">Un queso de leche cruda de oveja, puro y aut\u00e9ntico<\/h3><p class=\"elementor-image-box-description\">Nuestro queso Flor de Esgueva se elabora exclusivamente con leche CRUDA de oveja 100% espa\u00f1ola. La leche cruda conserva toda la riqueza de grasas, prote\u00ednas y fermentos naturales que el calor destruir\u00eda. Cada bocado es la expresi\u00f3n m\u00e1s fiel del pastoreo y la tradici\u00f3n quesera espa\u00f1ola<\/p><\/div><\/div>\t\t\t\t<\/div>\n\t\t\t\t<\/div>\n\t\t\t\t<div class=\"elementor-element elementor-element-5ce65531 elementor-position-top elementor-widget elementor-widget-image-box\" data-id=\"5ce65531\" data-element_type=\"widget\" data-settings=\"{&quot;ekit_we_effect_on&quot;:&quot;none&quot;}\" data-widget_type=\"image-box.default\">\n\t\t\t\t<div class=\"elementor-widget-container\">\n\t\t\t\t\t<div class=\"elementor-image-box-wrapper\"><figure class=\"elementor-image-box-img\"><img loading=\"lazy\" decoding=\"async\" width=\"300\" height=\"300\" src=\"https:\/\/distinctivebuys.shop\/wp-content\/uploads\/2026\/04\/8f7cc79e-001d-4374-9848-23749dd3a25f.__CR00938938_PT0_SX300_V1___.jpg\" class=\"attachment-full size-full wp-image-13463 wvs-archive-product-image\" alt=\"\" srcset=\"https:\/\/distinctivebuys.shop\/wp-content\/uploads\/2026\/04\/8f7cc79e-001d-4374-9848-23749dd3a25f.__CR00938938_PT0_SX300_V1___.jpg 300w, https:\/\/distinctivebuys.shop\/wp-content\/uploads\/2026\/04\/8f7cc79e-001d-4374-9848-23749dd3a25f.__CR00938938_PT0_SX300_V1___-150x150.jpg 150w, https:\/\/distinctivebuys.shop\/wp-content\/uploads\/2026\/04\/8f7cc79e-001d-4374-9848-23749dd3a25f.__CR00938938_PT0_SX300_V1___-12x12.jpg 12w, https:\/\/distinctivebuys.shop\/wp-content\/uploads\/2026\/04\/8f7cc79e-001d-4374-9848-23749dd3a25f.__CR00938938_PT0_SX300_V1___-100x100.jpg 100w, https:\/\/distinctivebuys.shop\/wp-content\/uploads\/2026\/04\/8f7cc79e-001d-4374-9848-23749dd3a25f.__CR00938938_PT0_SX300_V1___-50x50.jpg 50w, https:\/\/distinctivebuys.shop\/wp-content\/uploads\/2026\/04\/8f7cc79e-001d-4374-9848-23749dd3a25f.__CR00938938_PT0_SX300_V1___-1x1.jpg 1w, https:\/\/distinctivebuys.shop\/wp-content\/uploads\/2026\/04\/8f7cc79e-001d-4374-9848-23749dd3a25f.__CR00938938_PT0_SX300_V1___-10x10.jpg 10w\" sizes=\"auto, (max-width: 300px) 100vw, 300px\" \/><\/figure><div class=\"elementor-image-box-content\"><h3 class=\"elementor-image-box-title\">Sabor intenso, complejo y lleno de matices <\/h3><p class=\"elementor-image-box-description\">\u00bfA qu\u00e9 sabe? A pura personalidad. Su sabor es robusto e intenso, con ese caracter\u00edstico toque \"fuerte\" que los amantes del buen queso buscan. No es un queso t\u00edmido: tiene cuerpo, car\u00e1cter y un retrogusto que se queda contigo. Un usuario lo define sin rodeos: \"BUEN\u00cd\u00cd\u00cd\u00cdSIMO!!! Con un toque fuerte que lo hace insuperable\" \u2014 \"\u00a1Es mi queso favorito!\"<\/p><\/div><\/div>\t\t\t\t<\/div>\n\t\t\t\t<\/div>\n\t\t\t\t<div class=\"elementor-element elementor-element-28b0814e elementor-position-top elementor-widget elementor-widget-image-box\" data-id=\"28b0814e\" data-element_type=\"widget\" data-settings=\"{&quot;ekit_we_effect_on&quot;:&quot;none&quot;}\" data-widget_type=\"image-box.default\">\n\t\t\t\t<div class=\"elementor-widget-container\">\n\t\t\t\t\t<div class=\"elementor-image-box-wrapper\"><figure class=\"elementor-image-box-img\"><img loading=\"lazy\" decoding=\"async\" width=\"300\" height=\"300\" src=\"https:\/\/distinctivebuys.shop\/wp-content\/uploads\/2026\/04\/7f9ace4f-6944-4958-abef-50d58a1a427c.__CR00300300_PT0_SX300_V1___.png\" class=\"attachment-full size-full wp-image-13464 wvs-archive-product-image\" alt=\"\" srcset=\"https:\/\/distinctivebuys.shop\/wp-content\/uploads\/2026\/04\/7f9ace4f-6944-4958-abef-50d58a1a427c.__CR00300300_PT0_SX300_V1___.png 300w, https:\/\/distinctivebuys.shop\/wp-content\/uploads\/2026\/04\/7f9ace4f-6944-4958-abef-50d58a1a427c.__CR00300300_PT0_SX300_V1___-150x150.png 150w, https:\/\/distinctivebuys.shop\/wp-content\/uploads\/2026\/04\/7f9ace4f-6944-4958-abef-50d58a1a427c.__CR00300300_PT0_SX300_V1___-12x12.png 12w, https:\/\/distinctivebuys.shop\/wp-content\/uploads\/2026\/04\/7f9ace4f-6944-4958-abef-50d58a1a427c.__CR00300300_PT0_SX300_V1___-100x100.png 100w, https:\/\/distinctivebuys.shop\/wp-content\/uploads\/2026\/04\/7f9ace4f-6944-4958-abef-50d58a1a427c.__CR00300300_PT0_SX300_V1___-50x50.png 50w, https:\/\/distinctivebuys.shop\/wp-content\/uploads\/2026\/04\/7f9ace4f-6944-4958-abef-50d58a1a427c.__CR00300300_PT0_SX300_V1___-1x1.png 1w, https:\/\/distinctivebuys.shop\/wp-content\/uploads\/2026\/04\/7f9ace4f-6944-4958-abef-50d58a1a427c.__CR00300300_PT0_SX300_V1___-10x10.png 10w\" sizes=\"auto, (max-width: 300px) 100vw, 300px\" \/><\/figure><div class=\"elementor-image-box-content\"><h3 class=\"elementor-image-box-title\">Corteza natural no comestible, coraz\u00f3n 100% aprovechable<\/h3><p class=\"elementor-image-box-description\">Su corteza natural (tratada con conservadores autorizados como E-200, E-235 y colorantes E-172) no est\u00e1 pensada para comerse, pero cumple una funci\u00f3n esencial: proteger el coraz\u00f3n del queso durante la larga maduraci\u00f3n. Ret\u00edrala y disfruta de un interior lleno de sabor y textura<\/p><\/div><\/div>\t\t\t\t<\/div>\n\t\t\t\t<\/div>\n\t\t\t\t<\/div>\n\t\t\t\t\t<\/div>\n\t\t\t\t<\/div>\n\t\t<div class=\"elementor-element elementor-element-3919fce9 e-flex e-con-boxed e-con e-parent\" data-id=\"3919fce9\" data-element_type=\"container\" data-settings=\"{&quot;ekit_has_onepagescroll_dot&quot;:&quot;yes&quot;}\">\n\t\t\t\t\t<div class=\"e-con-inner\">\n\t\t\t\t<div class=\"elementor-element elementor-element-1b7879be elementor--h-position-center elementor--v-position-middle elementor-arrows-position-inside elementor-pagination-position-inside elementor-widget elementor-widget-slides\" data-id=\"1b7879be\" data-element_type=\"widget\" data-settings=\"{&quot;navigation&quot;:&quot;both&quot;,&quot;autoplay&quot;:&quot;yes&quot;,&quot;pause_on_hover&quot;:&quot;yes&quot;,&quot;pause_on_interaction&quot;:&quot;yes&quot;,&quot;autoplay_speed&quot;:5000,&quot;infinite&quot;:&quot;yes&quot;,&quot;transition&quot;:&quot;slide&quot;,&quot;transition_speed&quot;:500,&quot;ekit_we_effect_on&quot;:&quot;none&quot;}\" data-widget_type=\"slides.default\">\n\t\t\t\t<div class=\"elementor-widget-container\">\n\t\t\t\t\t\t\t\t\t<div class=\"elementor-swiper\">\r\n\t\t\t\t\t<div class=\"elementor-slides-wrapper elementor-main-swiper swiper\" role=\"region\" aria-roledescription=\"carousel\" aria-label=\"Diapositivas\" dir=\"ltr\" data-animation=\"fadeInUp\">\r\n\t\t\t\t<div class=\"swiper-wrapper elementor-slides\">\r\n\t\t\t\t\t\t\t\t\t\t<div class=\"elementor-repeater-item-153f4de swiper-slide\" role=\"group\" aria-roledescription=\"slide\"><div class=\"swiper-slide-bg\" role=\"img\" aria-label=\"619SqTTJ2wL._SL1500_.jpg\"><\/div><div class=\"swiper-slide-inner\" ><div class=\"swiper-slide-contents\"><\/div><\/div><\/div><div class=\"elementor-repeater-item-a1a9bda swiper-slide\" role=\"group\" aria-roledescription=\"slide\"><div class=\"swiper-slide-bg\" role=\"img\" aria-label=\"61XnUVYLXDL._SL1500_.jpg\"><\/div><div class=\"swiper-slide-inner\" ><div class=\"swiper-slide-contents\"><\/div><\/div><\/div><div class=\"elementor-repeater-item-57e1f7c swiper-slide\" role=\"group\" aria-roledescription=\"slide\"><div class=\"swiper-slide-bg\" role=\"img\" aria-label=\"91q-1W-GXFL._SL1500_.jpg\"><\/div><div class=\"swiper-slide-inner\" ><div class=\"swiper-slide-contents\"><\/div><\/div><\/div>\t\t\t\t<\/div>\r\n\t\t\t\t\t\t\t\t\t\t\t\t\t\t\t<div class=\"elementor-swiper-button elementor-swiper-button-prev\" role=\"button\" tabindex=\"0\" aria-label=\"Diapositiva anterior\">\r\n\t\t\t\t\t\t\t<svg aria-hidden=\"true\" class=\"e-font-icon-svg e-eicon-chevron-left\" viewbox=\"0 0 1000 1000\" xmlns=\"http:\/\/www.w3.org\/2000\/svg\"><path d=\"M646 125C629 125 613 133 604 142L308 442C296 454 292 471 292 487 292 504 296 521 308 533L604 854C617 867 629 875 646 875 663 875 679 871 692 858 704 846 713 829 713 812 713 796 708 779 692 767L438 487 692 225C700 217 708 204 708 187 708 171 704 154 692 142 675 129 663 125 646 125Z\"><\/path><\/svg>\t\t\t\t\t\t<\/div>\r\n\t\t\t\t\t\t<div class=\"elementor-swiper-button elementor-swiper-button-next\" role=\"button\" tabindex=\"0\" aria-label=\"Siguiente diapositiva\">\r\n\t\t\t\t\t\t\t<svg aria-hidden=\"true\" class=\"e-font-icon-svg e-eicon-chevron-right\" viewbox=\"0 0 1000 1000\" xmlns=\"http:\/\/www.w3.org\/2000\/svg\"><path d=\"M696 533C708 521 713 504 713 487 713 471 708 454 696 446L400 146C388 133 375 125 354 125 338 125 325 129 313 142 300 154 292 171 292 187 292 204 296 221 308 233L563 492 304 771C292 783 288 800 288 817 288 833 296 850 308 863 321 871 338 875 354 875 371 875 388 867 400 854L696 533Z\"><\/path><\/svg>\t\t\t\t\t\t<\/div>\r\n\t\t\t\t\t\t\t\t\t\t\t\t\t\t\t\t<div class=\"swiper-pagination\"><\/div>\r\n\t\t\t\t\t\t\t\t\t\t\t\t<\/div>\r\n\t\t\t\t<\/div>\r\n\t\t\t\t\t\t\t\t<\/div>\n\t\t\t\t<\/div>\n\t\t\t\t\t<\/div>\n\t\t\t\t<\/div>\n\t\t<div class=\"elementor-element elementor-element-7775d6db e-flex e-con-boxed e-con e-parent\" data-id=\"7775d6db\" data-element_type=\"container\" data-settings=\"{&quot;ekit_has_onepagescroll_dot&quot;:&quot;yes&quot;}\">\n\t\t\t\t\t<div class=\"e-con-inner\">\n\t\t\t\t<div class=\"elementor-element elementor-element-665d82ac elementor-position-left elementor-vertical-align-middle elementor-widget elementor-widget-image-box\" data-id=\"665d82ac\" data-element_type=\"widget\" data-settings=\"{&quot;ekit_we_effect_on&quot;:&quot;none&quot;}\" data-widget_type=\"image-box.default\">\n\t\t\t\t<div class=\"elementor-widget-container\">\n\t\t\t\t\t<div class=\"elementor-image-box-wrapper\"><figure class=\"elementor-image-box-img\"><img loading=\"lazy\" decoding=\"async\" width=\"1500\" height=\"1500\" src=\"https:\/\/distinctivebuys.shop\/wp-content\/uploads\/2026\/04\/81LLwjdE0VL._AC_SL1500_-3.jpg\" class=\"attachment-full size-full wp-image-13468 wvs-archive-product-image\" alt=\"\" srcset=\"https:\/\/distinctivebuys.shop\/wp-content\/uploads\/2026\/04\/81LLwjdE0VL._AC_SL1500_-3.jpg 1500w, https:\/\/distinctivebuys.shop\/wp-content\/uploads\/2026\/04\/81LLwjdE0VL._AC_SL1500_-3-300x300.jpg 300w, https:\/\/distinctivebuys.shop\/wp-content\/uploads\/2026\/04\/81LLwjdE0VL._AC_SL1500_-3-1024x1024.jpg 1024w, https:\/\/distinctivebuys.shop\/wp-content\/uploads\/2026\/04\/81LLwjdE0VL._AC_SL1500_-3-150x150.jpg 150w, https:\/\/distinctivebuys.shop\/wp-content\/uploads\/2026\/04\/81LLwjdE0VL._AC_SL1500_-3-768x768.jpg 768w, https:\/\/distinctivebuys.shop\/wp-content\/uploads\/2026\/04\/81LLwjdE0VL._AC_SL1500_-3-12x12.jpg 12w, https:\/\/distinctivebuys.shop\/wp-content\/uploads\/2026\/04\/81LLwjdE0VL._AC_SL1500_-3-600x600.jpg 600w, https:\/\/distinctivebuys.shop\/wp-content\/uploads\/2026\/04\/81LLwjdE0VL._AC_SL1500_-3-100x100.jpg 100w, https:\/\/distinctivebuys.shop\/wp-content\/uploads\/2026\/04\/81LLwjdE0VL._AC_SL1500_-3-50x50.jpg 50w, https:\/\/distinctivebuys.shop\/wp-content\/uploads\/2026\/04\/81LLwjdE0VL._AC_SL1500_-3-1x1.jpg 1w, https:\/\/distinctivebuys.shop\/wp-content\/uploads\/2026\/04\/81LLwjdE0VL._AC_SL1500_-3-10x10.jpg 10w\" sizes=\"auto, (max-width: 1500px) 100vw, 1500px\" \/><\/figure><div class=\"elementor-image-box-content\"><h3 class=\"elementor-image-box-title\">Maridajes perfectos: mermelada, uvas o vino <\/h3><p class=\"elementor-image-box-description\">Un cliente nos da la clave: \"Nos encanta en casa, acompa\u00f1ado de alguna mermelada o uvas queda espectacular\". Su sabor intenso contrasta a la perfecci\u00f3n con la dulzura de una mermelada de tomate o de higos, o con la frescura de las uvas. Y por supuesto, es el mejor amigo de un buen vino tinto.<\/p><\/div><\/div>\t\t\t\t<\/div>\n\t\t\t\t<\/div>\n\t\t\t\t<div class=\"elementor-element elementor-element-4cdf62e1 elementor-position-right elementor-vertical-align-middle elementor-widget elementor-widget-image-box\" data-id=\"4cdf62e1\" data-element_type=\"widget\" data-settings=\"{&quot;ekit_we_effect_on&quot;:&quot;none&quot;}\" data-widget_type=\"image-box.default\">\n\t\t\t\t<div class=\"elementor-widget-container\">\n\t\t\t\t\t<div class=\"elementor-image-box-wrapper\"><figure class=\"elementor-image-box-img\"><img loading=\"lazy\" decoding=\"async\" width=\"1500\" height=\"1500\" src=\"https:\/\/distinctivebuys.shop\/wp-content\/uploads\/2026\/04\/61n2fILrHXL._AC_SL1500_.jpg\" class=\"attachment-full size-full wp-image-13469 wvs-archive-product-image\" alt=\"\" srcset=\"https:\/\/distinctivebuys.shop\/wp-content\/uploads\/2026\/04\/61n2fILrHXL._AC_SL1500_.jpg 1500w, https:\/\/distinctivebuys.shop\/wp-content\/uploads\/2026\/04\/61n2fILrHXL._AC_SL1500_-300x300.jpg 300w, https:\/\/distinctivebuys.shop\/wp-content\/uploads\/2026\/04\/61n2fILrHXL._AC_SL1500_-1024x1024.jpg 1024w, https:\/\/distinctivebuys.shop\/wp-content\/uploads\/2026\/04\/61n2fILrHXL._AC_SL1500_-150x150.jpg 150w, https:\/\/distinctivebuys.shop\/wp-content\/uploads\/2026\/04\/61n2fILrHXL._AC_SL1500_-768x768.jpg 768w, https:\/\/distinctivebuys.shop\/wp-content\/uploads\/2026\/04\/61n2fILrHXL._AC_SL1500_-12x12.jpg 12w, https:\/\/distinctivebuys.shop\/wp-content\/uploads\/2026\/04\/61n2fILrHXL._AC_SL1500_-600x600.jpg 600w, https:\/\/distinctivebuys.shop\/wp-content\/uploads\/2026\/04\/61n2fILrHXL._AC_SL1500_-100x100.jpg 100w, https:\/\/distinctivebuys.shop\/wp-content\/uploads\/2026\/04\/61n2fILrHXL._AC_SL1500_-50x50.jpg 50w, https:\/\/distinctivebuys.shop\/wp-content\/uploads\/2026\/04\/61n2fILrHXL._AC_SL1500_-1x1.jpg 1w, https:\/\/distinctivebuys.shop\/wp-content\/uploads\/2026\/04\/61n2fILrHXL._AC_SL1500_-10x10.jpg 10w\" sizes=\"auto, (max-width: 1500px) 100vw, 1500px\" \/><\/figure><div class=\"elementor-image-box-content\"><h3 class=\"elementor-image-box-title\">Valores nutricionales: energ\u00eda pura para tu d\u00eda<\/h3><p class=\"elementor-image-box-description\">Por cada 100 g: 440 kcal, 38 g de grasas (de las cuales 27 g saturadas), 0.5 g de hidratos, 24 g de prote\u00ednas y 2.3 g de sal. Un queso proteico, bajo en carbohidratos, perfecto para dietas cetog\u00e9nicas o para quienes buscan un alimento saciante y nutritivo.<\/p><\/div><\/div>\t\t\t\t<\/div>\n\t\t\t\t<\/div>\n\t\t\t\t\t<\/div>\n\t\t\t\t<\/div>\n\t\t<div class=\"elementor-element elementor-element-579b6dd6 e-flex e-con-boxed e-con e-parent\" data-id=\"579b6dd6\" data-element_type=\"container\" data-settings=\"{&quot;ekit_has_onepagescroll_dot&quot;:&quot;yes&quot;}\">\n\t\t\t\t\t<div class=\"e-con-inner\">\n\t\t\t\t<div class=\"elementor-element elementor-element-7cff58c1 elementor-widget elementor-widget-image\" data-id=\"7cff58c1\" data-element_type=\"widget\" data-settings=\"{&quot;ekit_we_effect_on&quot;:&quot;none&quot;}\" data-widget_type=\"image.default\">\n\t\t\t\t<div class=\"elementor-widget-container\">\n\t\t\t\t\t\t\t\t\t\t\t\t\t\t\t<img loading=\"lazy\" decoding=\"async\" width=\"1500\" height=\"1017\" src=\"https:\/\/distinctivebuys.shop\/wp-content\/uploads\/2026\/04\/71MRAr0xKxL._AC_SL1500_-2.jpg\" class=\"attachment-full size-full wp-image-13470 wvs-archive-product-image\" alt=\"\" srcset=\"https:\/\/distinctivebuys.shop\/wp-content\/uploads\/2026\/04\/71MRAr0xKxL._AC_SL1500_-2.jpg 1500w, https:\/\/distinctivebuys.shop\/wp-content\/uploads\/2026\/04\/71MRAr0xKxL._AC_SL1500_-2-300x203.jpg 300w, https:\/\/distinctivebuys.shop\/wp-content\/uploads\/2026\/04\/71MRAr0xKxL._AC_SL1500_-2-1024x694.jpg 1024w, https:\/\/distinctivebuys.shop\/wp-content\/uploads\/2026\/04\/71MRAr0xKxL._AC_SL1500_-2-768x521.jpg 768w, https:\/\/distinctivebuys.shop\/wp-content\/uploads\/2026\/04\/71MRAr0xKxL._AC_SL1500_-2-18x12.jpg 18w, https:\/\/distinctivebuys.shop\/wp-content\/uploads\/2026\/04\/71MRAr0xKxL._AC_SL1500_-2-600x407.jpg 600w, https:\/\/distinctivebuys.shop\/wp-content\/uploads\/2026\/04\/71MRAr0xKxL._AC_SL1500_-2-1x1.jpg 1w, https:\/\/distinctivebuys.shop\/wp-content\/uploads\/2026\/04\/71MRAr0xKxL._AC_SL1500_-2-10x7.jpg 10w\" sizes=\"auto, (max-width: 1500px) 100vw, 1500px\" \/>\t\t\t\t\t\t\t\t\t\t\t\t\t\t\t<\/div>\n\t\t\t\t<\/div>\n\t\t\t\t\t<\/div>\n\t\t\t\t<\/div>\n\t\t\t\t<\/div>","protected":false},"excerpt":{"rendered":"<h2 class=\"a-size-base-plus a-text-bold\">Acerca de este producto<\/h2>\n<div class=\"a-expander-collapsed-height a-row a-expander-container a-expander-partial-collapse-container\" data-a-expander-collapsed-height=\"300\">\n<div class=\"a-expander-content a-expander-partial-collapse-content\" data-expanded=\"false\">\n<ul class=\"a-unordered-list a-vertical a-spacing-mini\">\n<li class=\"a-spacing-mini\"><span class=\"a-list-item\">Este Lote Incluye 1 Queso Flor de Esgueva Peso Aproximado 1 Kg y 1 Membrillo TDW de 170 gr<\/span><\/li>\n<li class=\"a-spacing-mini\"><span class=\"a-list-item\">Queso viejo elaborado \u00fanicamente con leche cruda de oveja<\/span><\/li>\n<li class=\"a-spacing-mini\"><span class=\"a-list-item\">Si est\u00e1s buscando un buen queso curado para casa, sin duda la mejor compra es este Flor de Esgueva<\/span><\/li>\n<li class=\"a-spacing-mini\"><span class=\"a-list-item\">Queso curado oveja Flor de Esgueva, un queso perpetuado por cinco generaciones.<\/span><\/li>\n<li class=\"a-spacing-mini\"><span class=\"a-list-item\">La mejor combinaci\u00f3n queso con membrillo<\/span><\/li>\n<\/ul>\n<\/div>\n<\/div>","protected":false},"featured_media":13452,"comment_status":"open","ping_status":"closed","template":"","meta":{"_acf_changed":false},"etheme_brands":[],"product_brand":[],"product_cat":[127,118],"product_tag":[],"class_list":{"0":"post-13451","1":"product","2":"type-product","3":"status-publish","4":"has-post-thumbnail","6":"product_cat-dao","7":"product_cat-sale-shop","9":"first","10":"instock","11":"sale","12":"shipping-taxable","13":"purchasable","14":"product-type-simple"},"acf":[],"_links":{"self":[{"href":"https:\/\/distinctivebuys.shop\/es\/wp-json\/wp\/v2\/product\/13451","targetHints":{"allow":["GET"]}}],"collection":[{"href":"https:\/\/distinctivebuys.shop\/es\/wp-json\/wp\/v2\/product"}],"about":[{"href":"https:\/\/distinctivebuys.shop\/es\/wp-json\/wp\/v2\/types\/product"}],"replies":[{"embeddable":true,"href":"https:\/\/distinctivebuys.shop\/es\/wp-json\/wp\/v2\/comments?post=13451"}],"version-history":[{"count":4,"href":"https:\/\/distinctivebuys.shop\/es\/wp-json\/wp\/v2\/product\/13451\/revisions"}],"predecessor-version":[{"id":13476,"href":"https:\/\/distinctivebuys.shop\/es\/wp-json\/wp\/v2\/product\/13451\/revisions\/13476"}],"wp:featuredmedia":[{"embeddable":true,"href":"https:\/\/distinctivebuys.shop\/es\/wp-json\/wp\/v2\/media\/13452"}],"wp:attachment":[{"href":"https:\/\/distinctivebuys.shop\/es\/wp-json\/wp\/v2\/media?parent=13451"}],"wp:term":[{"taxonomy":"brand","embeddable":true,"href":"https:\/\/distinctivebuys.shop\/es\/wp-json\/wp\/v2\/etheme_brands?post=13451"},{"taxonomy":"product_brand","embeddable":true,"href":"https:\/\/distinctivebuys.shop\/es\/wp-json\/wp\/v2\/product_brand?post=13451"},{"taxonomy":"product_cat","embeddable":true,"href":"https:\/\/distinctivebuys.shop\/es\/wp-json\/wp\/v2\/product_cat?post=13451"},{"taxonomy":"product_tag","embeddable":true,"href":"https:\/\/distinctivebuys.shop\/es\/wp-json\/wp\/v2\/product_tag?post=13451"}],"curies":[{"name":"wp","href":"https:\/\/api.w.org\/{rel}","templated":true}]}}